{"id":541,"date":"2016-11-03T13:53:45","date_gmt":"2016-11-03T13:53:45","guid":{"rendered":"http:\/\/www.nordictractiongroup.com\/home\/"},"modified":"2024-10-04T13:12:56","modified_gmt":"2024-10-04T10:12:56","slug":"hem","status":"publish","type":"page","link":"https:\/\/www.nordictractiongroup.com\/sv\/","title":{"rendered":"Hem"},"content":{"rendered":"\n<div class=\"wp-block-group alignfull\"><div class=\"wp-block-group__inner-container is-layout-constrained wp-block-group-is-layout-constrained\">\n<figure class=\"wp-block-video alignfull startvideo\"><video autoplay loop muted src=\"https:\/\/www.nordictractiongroup.com\/wp-content\/uploads\/2024\/10\/nordic-traction-group-full.mp4\" style=\"height: 100vh !important;width: 100vw !important;object-fit:cover !important\"><\/video><div class=\"container\"><img decoding=\"async\" src=\"https:\/\/www.nordictractiongroup.com\/wp-content\/uploads\/2016\/12\/nordic-traction-group-white-logo.png\" class=\"start-video-logo\"><figcaption class=\"wp-element-caption\">A premium brand supplier, serving and providing<br>worldwide high quality traction products for<br>professional customers.<\/figcaption><\/div><\/figure>\n<\/div><\/div>\n\n\n\n<div class=\"wp-block-columns container is-layout-flex wp-container-core-columns-is-layout-9d6595d7 wp-block-columns-is-layout-flex\">\n<div class=\"wp-block-column is-layout-flow wp-block-column-is-layout-flow\"><div class=\"wp-block-image nordchain-logo\">\n<figure class=\"aligncenter size-full\"><img loading=\"lazy\" decoding=\"async\" width=\"800\" height=\"139\" src=\"https:\/\/www.nordictractiongroup.com\/wp-content\/uploads\/2024\/10\/nordchain-logo.png\" alt=\"\" class=\"wp-image-1118\" srcset=\"https:\/\/www.nordictractiongroup.com\/wp-content\/uploads\/2024\/10\/nordchain-logo.png 800w, https:\/\/www.nordictractiongroup.com\/wp-content\/uploads\/2024\/10\/nordchain-logo-300x52.png 300w, https:\/\/www.nordictractiongroup.com\/wp-content\/uploads\/2024\/10\/nordchain-logo-768x133.png 768w\" sizes=\"auto, (max-width: 800px) 100vw, 800px\" \/><\/figure>\n<\/div>\n\n\n<p class=\"start-fyra-txt\">NordChain \u00e4r det nya ledande varum\u00e4rket f\u00f6r slirskydd. Med kedjor som Megastud, Superstud och Piggelin Flex kan du se att det \u00e4r de v\u00e4lk\u00e4nda \u201dGunnebokedjorna som har bytt namn till NordChain.<\/p>\n\n\n\n<div style=\"height:10px\" aria-hidden=\"true\" class=\"wp-block-spacer\"><\/div>\n\n\n\n<p class=\"start-fyra-link\"><a href=\"http:\/\/nordchain.com\/\">nordchain.com<\/a><\/p>\n\n\n\n<a href=\"http:\/\/www.nordictractiongroup.com\/brands#nordchain\" class=\"start-a\"><div class=\"start-readmore\"><p>L\u00c4S MER<\/p><img decoding=\"async\" src=\"https:\/\/www.nordictractiongroup.com\/wp-content\/uploads\/2024\/10\/tracks.png\" class=\"start-readmore-img\"><\/div><\/a>\n<\/div>\n\n\n\n<div class=\"wp-block-column is-layout-flow wp-block-column-is-layout-flow\"><div class=\"wp-block-image ofa-logo\">\n<figure class=\"aligncenter size-full\"><img loading=\"lazy\" decoding=\"async\" width=\"800\" height=\"139\" src=\"https:\/\/www.nordictractiongroup.com\/wp-content\/uploads\/2024\/10\/ofa-logo-1.png\" alt=\"\" class=\"wp-image-1119\" srcset=\"https:\/\/www.nordictractiongroup.com\/wp-content\/uploads\/2024\/10\/ofa-logo-1.png 800w, https:\/\/www.nordictractiongroup.com\/wp-content\/uploads\/2024\/10\/ofa-logo-1-300x52.png 300w, https:\/\/www.nordictractiongroup.com\/wp-content\/uploads\/2024\/10\/ofa-logo-1-768x133.png 768w\" sizes=\"auto, (max-width: 800px) 100vw, 800px\" \/><\/figure>\n<\/div>\n\n\n<p class=\"start-fyra-txt\">OFA \u00e4r specialiserade p\u00e5 slirskydd. OFAkedjor erbjuder ett fantastiskt grepp, d\u00e4ckskydd och l\u00e5ng livsl\u00e4ngd till skogsmaskiner, traktorer, lastbilar och entreprenadmaskiner \u00f6ver hela v\u00e4rlden.<\/p>\n\n\n\n<div style=\"height:10px\" aria-hidden=\"true\" class=\"wp-block-spacer\"><\/div>\n\n\n\n<p class=\"start-fyra-link\"><a href=\"http:\/\/www.ofa.fi\/\">ww.ofa.fi<\/a><\/p>\n\n\n\n<a href=\"http:\/\/www.nordictractiongroup.com\/brands#ofa\" class=\"start-a\"><div class=\"start-readmore\"><p>L\u00c4S MER<\/p><img decoding=\"async\" src=\"https:\/\/www.nordictractiongroup.com\/wp-content\/uploads\/2024\/10\/tracks.png\" class=\"start-readmore-img\"><\/div><\/a>\n<\/div>\n\n\n\n<div class=\"wp-block-column is-layout-flow wp-block-column-is-layout-flow\"><div class=\"wp-block-image clark-logo\">\n<figure class=\"aligncenter size-full\"><img loading=\"lazy\" decoding=\"async\" width=\"320\" height=\"71\" src=\"https:\/\/www.nordictractiongroup.com\/wp-content\/uploads\/2024\/10\/clark_tracks_en-320x71-1.png\" alt=\"\" class=\"wp-image-1120\" srcset=\"https:\/\/www.nordictractiongroup.com\/wp-content\/uploads\/2024\/10\/clark_tracks_en-320x71-1.png 320w, https:\/\/www.nordictractiongroup.com\/wp-content\/uploads\/2024\/10\/clark_tracks_en-320x71-1-300x67.png 300w\" sizes=\"auto, (max-width: 320px) 100vw, 320px\" \/><\/figure>\n<\/div>\n\n\n<p class=\"start-fyra-txt\">Clark Tracks \u00e4r specialiserade p\u00e5 skogsmaskinsband som passar i stort sett alla skotare, sk\u00f6rdare och lunnare. Allt fr\u00e5n kl\u00e4tterband till band med extrem b\u00e4righet.<\/p>\n\n\n\n<div style=\"height:10px\" aria-hidden=\"true\" class=\"wp-block-spacer\"><\/div>\n\n\n\n<p class=\"start-fyra-link\"><a href=\"http:\/\/www.clarktracks.com\/\">www.clarktracks.com<\/a><\/p>\n\n\n\n<a href=\"http:\/\/www.nordictractiongroup.com\/brands#clarktracks\" class=\"start-a\"><div class=\"start-readmore\"><p>L\u00c4S MER<\/p><img decoding=\"async\" src=\"https:\/\/www.nordictractiongroup.com\/wp-content\/uploads\/2024\/10\/tracks.png\" class=\"start-readmore-img\"><\/div><\/a>\n<\/div>\n\n\n\n<div class=\"wp-block-column is-layout-flow wp-block-column-is-layout-flow\"><div class=\"wp-block-image tellefsdal-logo\">\n<figure class=\"aligncenter size-full\"><img loading=\"lazy\" decoding=\"async\" width=\"800\" height=\"139\" src=\"https:\/\/www.nordictractiongroup.com\/wp-content\/uploads\/2024\/10\/tellefsdal-logo.png\" alt=\"\" class=\"wp-image-1121\" srcset=\"https:\/\/www.nordictractiongroup.com\/wp-content\/uploads\/2024\/10\/tellefsdal-logo.png 800w, https:\/\/www.nordictractiongroup.com\/wp-content\/uploads\/2024\/10\/tellefsdal-logo-300x52.png 300w, https:\/\/www.nordictractiongroup.com\/wp-content\/uploads\/2024\/10\/tellefsdal-logo-768x133.png 768w\" sizes=\"auto, (max-width: 800px) 100vw, 800px\" \/><\/figure>\n<\/div>\n\n\n<p class=\"start-fyra-txt\">Tellefsdal Kjetting har s\u00e5lt slirskydd f\u00f6r alla behov i 80 \u00e5r. Utveckling st\u00e5r i centrum och har resulterat i l\u00e4ttviktskedjor och den v\u00e4lk\u00e4nda skogskedjan U-Grip.<\/p>\n\n\n\n<div style=\"height:10px\" aria-hidden=\"true\" class=\"wp-block-spacer\"><\/div>\n\n\n\n<p class=\"start-fyra-link\"><a href=\"http:\/\/www.tellefsdalkjetting.com\/\">www.tellefsdalkjetting.com<\/a><\/p>\n\n\n\n<a href=\"http:\/\/www.nordictractiongroup.com\/brands#tellefsdal\" class=\"start-a\"><div class=\"start-readmore\"><p>L\u00c4S MER<\/p><img decoding=\"async\" src=\"https:\/\/www.nordictractiongroup.com\/wp-content\/uploads\/2024\/10\/tracks.png\" class=\"start-readmore-img\"><\/div><\/a>\n<\/div>\n<\/div>\n\n\n\n<p><\/p>\n","protected":false},"excerpt":{"rendered":"<p>A premium brand supplier, serving and providingworldwide high quality traction products forprofessional customers. NordChain \u00e4r det nya ledande varum\u00e4rket f\u00f6r slirskydd. Med kedjor som Megastud, Superstud och Piggelin Flex kan du se att det \u00e4r de v\u00e4lk\u00e4nda \u201dGunnebokedjorna som har bytt namn till NordChain. nordchain.com L\u00c4S MER OFA \u00e4r specialiserade p\u00e5 slirskydd. OFAkedjor erbjuder ett [&hellip;]<\/p>\n","protected":false},"author":23,"featured_media":0,"parent":0,"menu_order":0,"comment_status":"closed","ping_status":"closed","template":"","meta":{"footnotes":""},"tags":[],"class_list":["post-541","page","type-page","status-publish","hentry"],"yoast_head":"<!-- This site is optimized with the Yoast SEO plugin v27.5 - https:\/\/yoast.com\/product\/yoast-seo-wordpress\/ -->\n<title>Nordic Traction Group<\/title>\n<meta name=\"description\" content=\"Nordic Traction Group utvecklar, tillverkar och s\u00e4ljer slirskydd och boggiband f\u00f6r professionell anv\u00e4ndning till alla maskiner fr\u00e5n ATV till skogsmaskiner.\" \/>\n<meta name=\"robots\" content=\"index, follow, max-snippet:-1, max-image-preview:large, max-video-preview:-1\" \/>\n<link rel=\"canonical\" href=\"https:\/\/www.nordictractiongroup.com\/sv\/\" \/>\n<meta property=\"og:locale\" content=\"sv_SE\" \/>\n<meta property=\"og:type\" content=\"article\" \/>\n<meta property=\"og:title\" content=\"Nordic Traction Group\" \/>\n<meta property=\"og:description\" content=\"Nordic Traction Group utvecklar, tillverkar och s\u00e4ljer slirskydd och boggiband f\u00f6r professionell anv\u00e4ndning till alla maskiner fr\u00e5n ATV till skogsmaskiner.\" \/>\n<meta property=\"og:url\" content=\"https:\/\/www.nordictractiongroup.com\/sv\/\" \/>\n<meta property=\"og:site_name\" content=\"Nordic Traction Group\" \/>\n<meta property=\"article:publisher\" content=\"https:\/\/facebook.com\/nordictraction\" \/>\n<meta property=\"article:modified_time\" content=\"2024-10-04T10:12:56+00:00\" \/>\n<meta property=\"og:image\" content=\"https:\/\/dev.nordictractiongroup.com\/wp-content\/uploads\/2016\/12\/nordic-traction-group-white-logo.png\" \/>\n<meta name=\"twitter:card\" content=\"summary_large_image\" \/>\n<meta name=\"twitter:site\" content=\"@nordictraction\" \/>\n<meta name=\"twitter:label1\" content=\"Ber\u00e4knad l\u00e4stid\" \/>\n\t<meta name=\"twitter:data1\" content=\"1 minut\" \/>\n<script type=\"application\/ld+json\" class=\"yoast-schema-graph\">{\"@context\":\"https:\\\/\\\/schema.org\",\"@graph\":[{\"@type\":\"WebPage\",\"@id\":\"https:\\\/\\\/www.nordictractiongroup.com\\\/sv\\\/\",\"url\":\"https:\\\/\\\/www.nordictractiongroup.com\\\/sv\\\/\",\"name\":\"Nordic Traction Group\",\"isPartOf\":{\"@id\":\"https:\\\/\\\/dev.nordictractiongroup.com\\\/#website\"},\"primaryImageOfPage\":{\"@id\":\"https:\\\/\\\/www.nordictractiongroup.com\\\/sv\\\/#primaryimage\"},\"image\":{\"@id\":\"https:\\\/\\\/www.nordictractiongroup.com\\\/sv\\\/#primaryimage\"},\"thumbnailUrl\":\"https:\\\/\\\/www.nordictractiongroup.com\\\/wp-content\\\/uploads\\\/2016\\\/12\\\/nordic-traction-group-white-logo.png\",\"datePublished\":\"2016-11-03T13:53:45+00:00\",\"dateModified\":\"2024-10-04T10:12:56+00:00\",\"description\":\"Nordic Traction Group utvecklar, tillverkar och s\u00e4ljer slirskydd och boggiband f\u00f6r professionell anv\u00e4ndning till alla maskiner fr\u00e5n ATV till skogsmaskiner.\",\"breadcrumb\":{\"@id\":\"https:\\\/\\\/www.nordictractiongroup.com\\\/sv\\\/#breadcrumb\"},\"inLanguage\":\"sv-SE\",\"potentialAction\":[{\"@type\":\"ReadAction\",\"target\":[\"https:\\\/\\\/www.nordictractiongroup.com\\\/sv\\\/\"]}]},{\"@type\":\"ImageObject\",\"inLanguage\":\"sv-SE\",\"@id\":\"https:\\\/\\\/www.nordictractiongroup.com\\\/sv\\\/#primaryimage\",\"url\":\"https:\\\/\\\/www.nordictractiongroup.com\\\/wp-content\\\/uploads\\\/2016\\\/12\\\/nordic-traction-group-white-logo.png\",\"contentUrl\":\"https:\\\/\\\/www.nordictractiongroup.com\\\/wp-content\\\/uploads\\\/2016\\\/12\\\/nordic-traction-group-white-logo.png\"},{\"@type\":\"BreadcrumbList\",\"@id\":\"https:\\\/\\\/www.nordictractiongroup.com\\\/sv\\\/#breadcrumb\",\"itemListElement\":[{\"@type\":\"ListItem\",\"position\":1,\"name\":\"Home\",\"item\":\"https:\\\/\\\/dev.nordictractiongroup.com\\\/sv\\\/hem\\\/\"},{\"@type\":\"ListItem\",\"position\":2,\"name\":\"Hem\"}]},{\"@type\":\"WebSite\",\"@id\":\"https:\\\/\\\/dev.nordictractiongroup.com\\\/#website\",\"url\":\"https:\\\/\\\/dev.nordictractiongroup.com\\\/\",\"name\":\"Nordic Traction Group\",\"description\":\"\",\"publisher\":{\"@id\":\"https:\\\/\\\/dev.nordictractiongroup.com\\\/#organization\"},\"alternateName\":\"Nordictraction\",\"potentialAction\":[{\"@type\":\"SearchAction\",\"target\":{\"@type\":\"EntryPoint\",\"urlTemplate\":\"https:\\\/\\\/dev.nordictractiongroup.com\\\/?s={search_term_string}\"},\"query-input\":{\"@type\":\"PropertyValueSpecification\",\"valueRequired\":true,\"valueName\":\"search_term_string\"}}],\"inLanguage\":\"sv-SE\"},{\"@type\":\"Organization\",\"@id\":\"https:\\\/\\\/dev.nordictractiongroup.com\\\/#organization\",\"name\":\"Nordic Traction Group\",\"url\":\"https:\\\/\\\/dev.nordictractiongroup.com\\\/\",\"logo\":{\"@type\":\"ImageObject\",\"inLanguage\":\"sv-SE\",\"@id\":\"https:\\\/\\\/dev.nordictractiongroup.com\\\/#\\\/schema\\\/logo\\\/image\\\/\",\"url\":\"https:\\\/\\\/www.nordictractiongroup.com\\\/wp-content\\\/uploads\\\/2024\\\/10\\\/nordic-traction-group-white-logo-footer.png\",\"contentUrl\":\"https:\\\/\\\/www.nordictractiongroup.com\\\/wp-content\\\/uploads\\\/2024\\\/10\\\/nordic-traction-group-white-logo-footer.png\",\"width\":150,\"height\":33,\"caption\":\"Nordic Traction Group\"},\"image\":{\"@id\":\"https:\\\/\\\/dev.nordictractiongroup.com\\\/#\\\/schema\\\/logo\\\/image\\\/\"},\"sameAs\":[\"https:\\\/\\\/facebook.com\\\/nordictraction\",\"https:\\\/\\\/x.com\\\/nordictraction\",\"https:\\\/\\\/instagram.com\\\/nordictraction\",\"https:\\\/\\\/www.linkedin.com\\\/company\\\/nordic-traction-group\"]}]}<\/script>\n<!-- \/ Yoast SEO plugin. -->","yoast_head_json":{"title":"Nordic Traction Group","description":"Nordic Traction Group utvecklar, tillverkar och s\u00e4ljer slirskydd och boggiband f\u00f6r professionell anv\u00e4ndning till alla maskiner fr\u00e5n ATV till skogsmaskiner.","robots":{"index":"index","follow":"follow","max-snippet":"max-snippet:-1","max-image-preview":"max-image-preview:large","max-video-preview":"max-video-preview:-1"},"canonical":"https:\/\/www.nordictractiongroup.com\/sv\/","og_locale":"sv_SE","og_type":"article","og_title":"Nordic Traction Group","og_description":"Nordic Traction Group utvecklar, tillverkar och s\u00e4ljer slirskydd och boggiband f\u00f6r professionell anv\u00e4ndning till alla maskiner fr\u00e5n ATV till skogsmaskiner.","og_url":"https:\/\/www.nordictractiongroup.com\/sv\/","og_site_name":"Nordic Traction Group","article_publisher":"https:\/\/facebook.com\/nordictraction","article_modified_time":"2024-10-04T10:12:56+00:00","og_image":[{"url":"https:\/\/dev.nordictractiongroup.com\/wp-content\/uploads\/2016\/12\/nordic-traction-group-white-logo.png","type":"","width":"","height":""}],"twitter_card":"summary_large_image","twitter_site":"@nordictraction","twitter_misc":{"Ber\u00e4knad l\u00e4stid":"1 minut"},"schema":{"@context":"https:\/\/schema.org","@graph":[{"@type":"WebPage","@id":"https:\/\/www.nordictractiongroup.com\/sv\/","url":"https:\/\/www.nordictractiongroup.com\/sv\/","name":"Nordic Traction Group","isPartOf":{"@id":"https:\/\/dev.nordictractiongroup.com\/#website"},"primaryImageOfPage":{"@id":"https:\/\/www.nordictractiongroup.com\/sv\/#primaryimage"},"image":{"@id":"https:\/\/www.nordictractiongroup.com\/sv\/#primaryimage"},"thumbnailUrl":"https:\/\/www.nordictractiongroup.com\/wp-content\/uploads\/2016\/12\/nordic-traction-group-white-logo.png","datePublished":"2016-11-03T13:53:45+00:00","dateModified":"2024-10-04T10:12:56+00:00","description":"Nordic Traction Group utvecklar, tillverkar och s\u00e4ljer slirskydd och boggiband f\u00f6r professionell anv\u00e4ndning till alla maskiner fr\u00e5n ATV till skogsmaskiner.","breadcrumb":{"@id":"https:\/\/www.nordictractiongroup.com\/sv\/#breadcrumb"},"inLanguage":"sv-SE","potentialAction":[{"@type":"ReadAction","target":["https:\/\/www.nordictractiongroup.com\/sv\/"]}]},{"@type":"ImageObject","inLanguage":"sv-SE","@id":"https:\/\/www.nordictractiongroup.com\/sv\/#primaryimage","url":"https:\/\/www.nordictractiongroup.com\/wp-content\/uploads\/2016\/12\/nordic-traction-group-white-logo.png","contentUrl":"https:\/\/www.nordictractiongroup.com\/wp-content\/uploads\/2016\/12\/nordic-traction-group-white-logo.png"},{"@type":"BreadcrumbList","@id":"https:\/\/www.nordictractiongroup.com\/sv\/#breadcrumb","itemListElement":[{"@type":"ListItem","position":1,"name":"Home","item":"https:\/\/dev.nordictractiongroup.com\/sv\/hem\/"},{"@type":"ListItem","position":2,"name":"Hem"}]},{"@type":"WebSite","@id":"https:\/\/dev.nordictractiongroup.com\/#website","url":"https:\/\/dev.nordictractiongroup.com\/","name":"Nordic Traction Group","description":"","publisher":{"@id":"https:\/\/dev.nordictractiongroup.com\/#organization"},"alternateName":"Nordictraction","potentialAction":[{"@type":"SearchAction","target":{"@type":"EntryPoint","urlTemplate":"https:\/\/dev.nordictractiongroup.com\/?s={search_term_string}"},"query-input":{"@type":"PropertyValueSpecification","valueRequired":true,"valueName":"search_term_string"}}],"inLanguage":"sv-SE"},{"@type":"Organization","@id":"https:\/\/dev.nordictractiongroup.com\/#organization","name":"Nordic Traction Group","url":"https:\/\/dev.nordictractiongroup.com\/","logo":{"@type":"ImageObject","inLanguage":"sv-SE","@id":"https:\/\/dev.nordictractiongroup.com\/#\/schema\/logo\/image\/","url":"https:\/\/www.nordictractiongroup.com\/wp-content\/uploads\/2024\/10\/nordic-traction-group-white-logo-footer.png","contentUrl":"https:\/\/www.nordictractiongroup.com\/wp-content\/uploads\/2024\/10\/nordic-traction-group-white-logo-footer.png","width":150,"height":33,"caption":"Nordic Traction Group"},"image":{"@id":"https:\/\/dev.nordictractiongroup.com\/#\/schema\/logo\/image\/"},"sameAs":["https:\/\/facebook.com\/nordictraction","https:\/\/x.com\/nordictraction","https:\/\/instagram.com\/nordictraction","https:\/\/www.linkedin.com\/company\/nordic-traction-group"]}]}},"_links":{"self":[{"href":"https:\/\/www.nordictractiongroup.com\/sv\/wp-json\/wp\/v2\/pages\/541","targetHints":{"allow":["GET"]}}],"collection":[{"href":"https:\/\/www.nordictractiongroup.com\/sv\/wp-json\/wp\/v2\/pages"}],"about":[{"href":"https:\/\/www.nordictractiongroup.com\/sv\/wp-json\/wp\/v2\/types\/page"}],"author":[{"embeddable":true,"href":"https:\/\/www.nordictractiongroup.com\/sv\/wp-json\/wp\/v2\/users\/23"}],"replies":[{"embeddable":true,"href":"https:\/\/www.nordictractiongroup.com\/sv\/wp-json\/wp\/v2\/comments?post=541"}],"version-history":[{"count":12,"href":"https:\/\/www.nordictractiongroup.com\/sv\/wp-json\/wp\/v2\/pages\/541\/revisions"}],"predecessor-version":[{"id":1738,"href":"https:\/\/www.nordictractiongroup.com\/sv\/wp-json\/wp\/v2\/pages\/541\/revisions\/1738"}],"wp:attachment":[{"href":"https:\/\/www.nordictractiongroup.com\/sv\/wp-json\/wp\/v2\/media?parent=541"}],"wp:term":[{"taxonomy":"post_tag","embeddable":true,"href":"https:\/\/www.nordictractiongroup.com\/sv\/wp-json\/wp\/v2\/tags?post=541"}],"curies":[{"name":"wp","href":"https:\/\/api.w.org\/{rel}","templated":true}]}}