{"id":545,"date":"2017-01-23T15:28:38","date_gmt":"2017-01-23T14:28:38","guid":{"rendered":"http:\/\/www.nordictractiongroup.com\/historia\/"},"modified":"2024-10-31T09:43:20","modified_gmt":"2024-10-31T07:43:20","slug":"historia","status":"publish","type":"page","link":"https:\/\/www.nordictractiongroup.com\/sv\/om-oss\/historia\/","title":{"rendered":"Historia"},"content":{"rendered":"\n<div class=\"wp-block-cover alignfull page-top-img\" style=\"min-height:910px;aspect-ratio:unset;\"><span aria-hidden=\"true\" class=\"wp-block-cover__background has-background-dim-80 has-background-dim\" style=\"background-color:#2d2c2c\"><\/span><img loading=\"lazy\" decoding=\"async\" width=\"1000\" height=\"667\" class=\"wp-block-cover__image-background wp-image-400\" alt=\"\" src=\"https:\/\/www.nordictractiongroup.com\/wp-content\/uploads\/2016\/12\/history-1.jpg\" data-object-fit=\"cover\" srcset=\"https:\/\/www.nordictractiongroup.com\/wp-content\/uploads\/2016\/12\/history-1.jpg 1000w, https:\/\/www.nordictractiongroup.com\/wp-content\/uploads\/2016\/12\/history-1-300x200.jpg 300w, https:\/\/www.nordictractiongroup.com\/wp-content\/uploads\/2016\/12\/history-1-768x512.jpg 768w, https:\/\/www.nordictractiongroup.com\/wp-content\/uploads\/2016\/12\/history-1-150x100.jpg 150w, https:\/\/www.nordictractiongroup.com\/wp-content\/uploads\/2016\/12\/history-1-330x220.jpg 330w, https:\/\/www.nordictractiongroup.com\/wp-content\/uploads\/2016\/12\/history-1-900x600.jpg 900w, https:\/\/www.nordictractiongroup.com\/wp-content\/uploads\/2016\/12\/history-1-736x490.jpg 736w, https:\/\/www.nordictractiongroup.com\/wp-content\/uploads\/2016\/12\/history-1-621x414.jpg 621w, https:\/\/www.nordictractiongroup.com\/wp-content\/uploads\/2016\/12\/history-1-414x276.jpg 414w\" sizes=\"auto, (max-width: 1000px) 100vw, 1000px\" \/><div class=\"wp-block-cover__inner-container is-layout-constrained wp-block-cover-is-layout-constrained\">\n<p class=\"has-text-align-center pages-img-titles has-large-font-size\">HISTORIA<\/p>\n\n\n\n<i class=\"fa fa-angle-double-down\"><\/i>\n<\/div><\/div>\n\n\n\n<ul class=\"wp-block-list container page-content-txt\">\n<li>Loimijoki Spikfabrik grundad 1886 i Loimaa Finland<\/li>\n\n\n\n<li>K\u00e4ttingproduktion startar i Loimaa 1904<\/li>\n\n\n\n<li>Produktion av sn\u00f6kedjor startar p\u00e5 1930-talet i Gunnebo Sverige, Loimaa Finland och p\u00e5 f\u00f6retaget Tellefsdal i Norge.<\/li>\n\n\n\n<li>1951 k\u00f6ps Loimaas k\u00e4ttingfabrik upp av Fiskars<\/li>\n\n\n\n<li>Gunnebo Supergrip skogskedja b\u00f6rjar produceras 1963<\/li>\n\n\n\n<li>K\u00e4ttingfabriken i Loimaa flyttar till Ovako Oy 1979<\/li>\n\n\n\n<li>OVAKO utvecklar IB20 bor st\u00e5l som \u00e4r det optimala st\u00e5let f\u00f6r k\u00e4ttingfabriken<\/li>\n\n\n\n<li>Clark Tracks produktion startar i Dumfries i Skottland<\/li>\n\n\n\n<li>Skogskedjorna Matti W b\u00f6rjar tillverkas 1992<\/li>\n\n\n\n<li>1993 k\u00f6per OFA Oy Ab k\u00e4ttingfabriken i Loimaa och b\u00f6rjar fokusera p\u00e5 slirskydd<\/li>\n\n\n\n<li>1997 k\u00f6per Gunnebo Industrier OFA Oy Ab och b\u00f6rjar centralisera slirskyddsproduktionen till Loimaa<\/li>\n\n\n\n<li>2004 st\u00e4rker Gunnebo Industrier slirskyddsverksamheten genom att k\u00f6pa upp den norska konkurenten Tellefsdal som \u00e4r specialiserade p\u00e5 l\u00e4ttviktskedjor<\/li>\n\n\n\n<li>2007 kompleterar Gunnebo Industrier sin produktfamilj genom att k\u00f6pa upp Clark Tracks i Skottland<\/li>\n\n\n\n<li>2010 st\u00e4ngs produktionen av kedjor ner I Norge och flyttas till Loimaa, Finland<\/li>\n\n\n\n<li>2012 Incorporation of traction business and establishing Nordic Traction Group<\/li>\n\n\n\n<li>2013 uppr\u00e4ttas s\u00e4ljf\u00f6retaget i St Petersburg, Russia (OOO Nordic Traction)<\/li>\n\n\n\n<li>2015 Accent Equity acquires Nordic Traction Group from Gunnebo Industries AB<\/li>\n\n\n\n<li>2015 k\u00f6per Accent Equity Nordic Traction Group fr\u00e5n Gunnebo Industries AB<\/li>\n\n\n\n<li class=\"container page-content-txt\">2016 introduceras det nya kedjem\u00e4rket GripX till l\u00e4ttviktskedje-segmentet<\/li>\n<\/ul>\n\n\n\n<div style=\"height:75px\" aria-hidden=\"true\" class=\"wp-block-spacer\"><\/div>\n","protected":false},"excerpt":{"rendered":"","protected":false},"author":23,"featured_media":0,"parent":546,"menu_order":0,"comment_status":"closed","ping_status":"closed","template":"","meta":{"footnotes":""},"tags":[],"class_list":["post-545","page","type-page","status-publish","hentry"],"yoast_head":"<!-- This site is optimized with the Yoast SEO plugin v27.4 - https:\/\/yoast.com\/product\/yoast-seo-wordpress\/ -->\n<title>Historia | Nordic Traction Group<\/title>\n<meta name=\"robots\" content=\"index, follow, max-snippet:-1, max-image-preview:large, max-video-preview:-1\" \/>\n<link rel=\"canonical\" href=\"https:\/\/www.nordictractiongroup.com\/sv\/om-oss\/historia\/\" \/>\n<meta property=\"og:locale\" content=\"sv_SE\" \/>\n<meta property=\"og:type\" content=\"article\" \/>\n<meta property=\"og:title\" content=\"Historia | Nordic Traction Group\" \/>\n<meta property=\"og:url\" content=\"https:\/\/www.nordictractiongroup.com\/sv\/om-oss\/historia\/\" \/>\n<meta property=\"og:site_name\" content=\"Nordic Traction Group\" \/>\n<meta property=\"article:publisher\" content=\"https:\/\/facebook.com\/nordictraction\" \/>\n<meta property=\"article:modified_time\" content=\"2024-10-31T07:43:20+00:00\" \/>\n<meta property=\"og:image\" content=\"https:\/\/www.nordictractiongroup.com\/wp-content\/uploads\/2016\/12\/history-1.jpg\" \/>\n\t<meta property=\"og:image:width\" content=\"1000\" \/>\n\t<meta property=\"og:image:height\" content=\"667\" \/>\n\t<meta property=\"og:image:type\" content=\"image\/jpeg\" \/>\n<meta name=\"twitter:card\" content=\"summary_large_image\" \/>\n<meta name=\"twitter:site\" content=\"@nordictraction\" \/>\n<meta name=\"twitter:label1\" content=\"Ber\u00e4knad l\u00e4stid\" \/>\n\t<meta name=\"twitter:data1\" content=\"1 minut\" \/>\n<script type=\"application\/ld+json\" class=\"yoast-schema-graph\">{\"@context\":\"https:\\\/\\\/schema.org\",\"@graph\":[{\"@type\":\"WebPage\",\"@id\":\"https:\\\/\\\/www.nordictractiongroup.com\\\/sv\\\/om-oss\\\/historia\\\/\",\"url\":\"https:\\\/\\\/www.nordictractiongroup.com\\\/sv\\\/om-oss\\\/historia\\\/\",\"name\":\"Historia | Nordic Traction Group\",\"isPartOf\":{\"@id\":\"https:\\\/\\\/dev.nordictractiongroup.com\\\/#website\"},\"primaryImageOfPage\":{\"@id\":\"https:\\\/\\\/www.nordictractiongroup.com\\\/sv\\\/om-oss\\\/historia\\\/#primaryimage\"},\"image\":{\"@id\":\"https:\\\/\\\/www.nordictractiongroup.com\\\/sv\\\/om-oss\\\/historia\\\/#primaryimage\"},\"thumbnailUrl\":\"https:\\\/\\\/www.nordictractiongroup.com\\\/wp-content\\\/uploads\\\/2016\\\/12\\\/history-1.jpg\",\"datePublished\":\"2017-01-23T14:28:38+00:00\",\"dateModified\":\"2024-10-31T07:43:20+00:00\",\"breadcrumb\":{\"@id\":\"https:\\\/\\\/www.nordictractiongroup.com\\\/sv\\\/om-oss\\\/historia\\\/#breadcrumb\"},\"inLanguage\":\"sv-SE\",\"potentialAction\":[{\"@type\":\"ReadAction\",\"target\":[\"https:\\\/\\\/www.nordictractiongroup.com\\\/sv\\\/om-oss\\\/historia\\\/\"]}]},{\"@type\":\"ImageObject\",\"inLanguage\":\"sv-SE\",\"@id\":\"https:\\\/\\\/www.nordictractiongroup.com\\\/sv\\\/om-oss\\\/historia\\\/#primaryimage\",\"url\":\"https:\\\/\\\/www.nordictractiongroup.com\\\/wp-content\\\/uploads\\\/2016\\\/12\\\/history-1.jpg\",\"contentUrl\":\"https:\\\/\\\/www.nordictractiongroup.com\\\/wp-content\\\/uploads\\\/2016\\\/12\\\/history-1.jpg\"},{\"@type\":\"BreadcrumbList\",\"@id\":\"https:\\\/\\\/www.nordictractiongroup.com\\\/sv\\\/om-oss\\\/historia\\\/#breadcrumb\",\"itemListElement\":[{\"@type\":\"ListItem\",\"position\":1,\"name\":\"Home\",\"item\":\"https:\\\/\\\/dev.nordictractiongroup.com\\\/sv\\\/hem\\\/\"},{\"@type\":\"ListItem\",\"position\":2,\"name\":\"Om oss\",\"item\":\"https:\\\/\\\/dev.nordictractiongroup.com\\\/sv\\\/om-oss\\\/\"},{\"@type\":\"ListItem\",\"position\":3,\"name\":\"Historia\"}]},{\"@type\":\"WebSite\",\"@id\":\"https:\\\/\\\/dev.nordictractiongroup.com\\\/#website\",\"url\":\"https:\\\/\\\/dev.nordictractiongroup.com\\\/\",\"name\":\"Nordic Traction Group\",\"description\":\"\",\"publisher\":{\"@id\":\"https:\\\/\\\/dev.nordictractiongroup.com\\\/#organization\"},\"alternateName\":\"Nordictraction\",\"potentialAction\":[{\"@type\":\"SearchAction\",\"target\":{\"@type\":\"EntryPoint\",\"urlTemplate\":\"https:\\\/\\\/dev.nordictractiongroup.com\\\/?s={search_term_string}\"},\"query-input\":{\"@type\":\"PropertyValueSpecification\",\"valueRequired\":true,\"valueName\":\"search_term_string\"}}],\"inLanguage\":\"sv-SE\"},{\"@type\":\"Organization\",\"@id\":\"https:\\\/\\\/dev.nordictractiongroup.com\\\/#organization\",\"name\":\"Nordic Traction Group\",\"url\":\"https:\\\/\\\/dev.nordictractiongroup.com\\\/\",\"logo\":{\"@type\":\"ImageObject\",\"inLanguage\":\"sv-SE\",\"@id\":\"https:\\\/\\\/dev.nordictractiongroup.com\\\/#\\\/schema\\\/logo\\\/image\\\/\",\"url\":\"https:\\\/\\\/www.nordictractiongroup.com\\\/wp-content\\\/uploads\\\/2024\\\/10\\\/nordic-traction-group-white-logo-footer.png\",\"contentUrl\":\"https:\\\/\\\/www.nordictractiongroup.com\\\/wp-content\\\/uploads\\\/2024\\\/10\\\/nordic-traction-group-white-logo-footer.png\",\"width\":150,\"height\":33,\"caption\":\"Nordic Traction Group\"},\"image\":{\"@id\":\"https:\\\/\\\/dev.nordictractiongroup.com\\\/#\\\/schema\\\/logo\\\/image\\\/\"},\"sameAs\":[\"https:\\\/\\\/facebook.com\\\/nordictraction\",\"https:\\\/\\\/x.com\\\/nordictraction\",\"https:\\\/\\\/instagram.com\\\/nordictraction\",\"https:\\\/\\\/www.linkedin.com\\\/company\\\/nordic-traction-group\"]}]}<\/script>\n<!-- \/ Yoast SEO plugin. -->","yoast_head_json":{"title":"Historia | Nordic Traction Group","robots":{"index":"index","follow":"follow","max-snippet":"max-snippet:-1","max-image-preview":"max-image-preview:large","max-video-preview":"max-video-preview:-1"},"canonical":"https:\/\/www.nordictractiongroup.com\/sv\/om-oss\/historia\/","og_locale":"sv_SE","og_type":"article","og_title":"Historia | Nordic Traction Group","og_url":"https:\/\/www.nordictractiongroup.com\/sv\/om-oss\/historia\/","og_site_name":"Nordic Traction Group","article_publisher":"https:\/\/facebook.com\/nordictraction","article_modified_time":"2024-10-31T07:43:20+00:00","og_image":[{"width":1000,"height":667,"url":"https:\/\/www.nordictractiongroup.com\/wp-content\/uploads\/2016\/12\/history-1.jpg","type":"image\/jpeg"}],"twitter_card":"summary_large_image","twitter_site":"@nordictraction","twitter_misc":{"Ber\u00e4knad l\u00e4stid":"1 minut"},"schema":{"@context":"https:\/\/schema.org","@graph":[{"@type":"WebPage","@id":"https:\/\/www.nordictractiongroup.com\/sv\/om-oss\/historia\/","url":"https:\/\/www.nordictractiongroup.com\/sv\/om-oss\/historia\/","name":"Historia | Nordic Traction Group","isPartOf":{"@id":"https:\/\/dev.nordictractiongroup.com\/#website"},"primaryImageOfPage":{"@id":"https:\/\/www.nordictractiongroup.com\/sv\/om-oss\/historia\/#primaryimage"},"image":{"@id":"https:\/\/www.nordictractiongroup.com\/sv\/om-oss\/historia\/#primaryimage"},"thumbnailUrl":"https:\/\/www.nordictractiongroup.com\/wp-content\/uploads\/2016\/12\/history-1.jpg","datePublished":"2017-01-23T14:28:38+00:00","dateModified":"2024-10-31T07:43:20+00:00","breadcrumb":{"@id":"https:\/\/www.nordictractiongroup.com\/sv\/om-oss\/historia\/#breadcrumb"},"inLanguage":"sv-SE","potentialAction":[{"@type":"ReadAction","target":["https:\/\/www.nordictractiongroup.com\/sv\/om-oss\/historia\/"]}]},{"@type":"ImageObject","inLanguage":"sv-SE","@id":"https:\/\/www.nordictractiongroup.com\/sv\/om-oss\/historia\/#primaryimage","url":"https:\/\/www.nordictractiongroup.com\/wp-content\/uploads\/2016\/12\/history-1.jpg","contentUrl":"https:\/\/www.nordictractiongroup.com\/wp-content\/uploads\/2016\/12\/history-1.jpg"},{"@type":"BreadcrumbList","@id":"https:\/\/www.nordictractiongroup.com\/sv\/om-oss\/historia\/#breadcrumb","itemListElement":[{"@type":"ListItem","position":1,"name":"Home","item":"https:\/\/dev.nordictractiongroup.com\/sv\/hem\/"},{"@type":"ListItem","position":2,"name":"Om oss","item":"https:\/\/dev.nordictractiongroup.com\/sv\/om-oss\/"},{"@type":"ListItem","position":3,"name":"Historia"}]},{"@type":"WebSite","@id":"https:\/\/dev.nordictractiongroup.com\/#website","url":"https:\/\/dev.nordictractiongroup.com\/","name":"Nordic Traction Group","description":"","publisher":{"@id":"https:\/\/dev.nordictractiongroup.com\/#organization"},"alternateName":"Nordictraction","potentialAction":[{"@type":"SearchAction","target":{"@type":"EntryPoint","urlTemplate":"https:\/\/dev.nordictractiongroup.com\/?s={search_term_string}"},"query-input":{"@type":"PropertyValueSpecification","valueRequired":true,"valueName":"search_term_string"}}],"inLanguage":"sv-SE"},{"@type":"Organization","@id":"https:\/\/dev.nordictractiongroup.com\/#organization","name":"Nordic Traction Group","url":"https:\/\/dev.nordictractiongroup.com\/","logo":{"@type":"ImageObject","inLanguage":"sv-SE","@id":"https:\/\/dev.nordictractiongroup.com\/#\/schema\/logo\/image\/","url":"https:\/\/www.nordictractiongroup.com\/wp-content\/uploads\/2024\/10\/nordic-traction-group-white-logo-footer.png","contentUrl":"https:\/\/www.nordictractiongroup.com\/wp-content\/uploads\/2024\/10\/nordic-traction-group-white-logo-footer.png","width":150,"height":33,"caption":"Nordic Traction Group"},"image":{"@id":"https:\/\/dev.nordictractiongroup.com\/#\/schema\/logo\/image\/"},"sameAs":["https:\/\/facebook.com\/nordictraction","https:\/\/x.com\/nordictraction","https:\/\/instagram.com\/nordictraction","https:\/\/www.linkedin.com\/company\/nordic-traction-group"]}]}},"_links":{"self":[{"href":"https:\/\/www.nordictractiongroup.com\/sv\/wp-json\/wp\/v2\/pages\/545","targetHints":{"allow":["GET"]}}],"collection":[{"href":"https:\/\/www.nordictractiongroup.com\/sv\/wp-json\/wp\/v2\/pages"}],"about":[{"href":"https:\/\/www.nordictractiongroup.com\/sv\/wp-json\/wp\/v2\/types\/page"}],"author":[{"embeddable":true,"href":"https:\/\/www.nordictractiongroup.com\/sv\/wp-json\/wp\/v2\/users\/23"}],"replies":[{"embeddable":true,"href":"https:\/\/www.nordictractiongroup.com\/sv\/wp-json\/wp\/v2\/comments?post=545"}],"version-history":[{"count":5,"href":"https:\/\/www.nordictractiongroup.com\/sv\/wp-json\/wp\/v2\/pages\/545\/revisions"}],"predecessor-version":[{"id":1748,"href":"https:\/\/www.nordictractiongroup.com\/sv\/wp-json\/wp\/v2\/pages\/545\/revisions\/1748"}],"up":[{"embeddable":true,"href":"https:\/\/www.nordictractiongroup.com\/sv\/wp-json\/wp\/v2\/pages\/546"}],"wp:attachment":[{"href":"https:\/\/www.nordictractiongroup.com\/sv\/wp-json\/wp\/v2\/media?parent=545"}],"wp:term":[{"taxonomy":"post_tag","embeddable":true,"href":"https:\/\/www.nordictractiongroup.com\/sv\/wp-json\/wp\/v2\/tags?post=545"}],"curies":[{"name":"wp","href":"https:\/\/api.w.org\/{rel}","templated":true}]}}