{"id":548,"date":"2017-01-23T15:30:16","date_gmt":"2017-01-23T14:30:16","guid":{"rendered":"http:\/\/www.nordictractiongroup.com\/om-oss\/missionvision\/"},"modified":"2024-10-31T09:52:17","modified_gmt":"2024-10-31T07:52:17","slug":"missionvision","status":"publish","type":"page","link":"https:\/\/www.nordictractiongroup.com\/sv\/om-oss\/missionvision\/","title":{"rendered":"Mission\/Vision"},"content":{"rendered":"\n<div class=\"wp-block-cover alignfull page-top-img\" style=\"min-height:910px;aspect-ratio:unset;\"><span aria-hidden=\"true\" class=\"wp-block-cover__background has-background-dim-80 has-background-dim\" style=\"background-color:#2d2c2c\"><\/span><img loading=\"lazy\" decoding=\"async\" width=\"1920\" height=\"1288\" class=\"wp-block-cover__image-background wp-image-248\" alt=\"\" src=\"https:\/\/www.nordictractiongroup.com\/wp-content\/uploads\/2016\/11\/ntg_grey.jpg\" data-object-fit=\"cover\" srcset=\"https:\/\/www.nordictractiongroup.com\/wp-content\/uploads\/2016\/11\/ntg_grey.jpg 1920w, https:\/\/www.nordictractiongroup.com\/wp-content\/uploads\/2016\/11\/ntg_grey-300x201.jpg 300w, https:\/\/www.nordictractiongroup.com\/wp-content\/uploads\/2016\/11\/ntg_grey-768x515.jpg 768w, https:\/\/www.nordictractiongroup.com\/wp-content\/uploads\/2016\/11\/ntg_grey-1024x687.jpg 1024w, https:\/\/www.nordictractiongroup.com\/wp-content\/uploads\/2016\/11\/ntg_grey-150x100.jpg 150w, https:\/\/www.nordictractiongroup.com\/wp-content\/uploads\/2016\/11\/ntg_grey-330x221.jpg 330w, https:\/\/www.nordictractiongroup.com\/wp-content\/uploads\/2016\/11\/ntg_grey-1908x1280.jpg 1908w, https:\/\/www.nordictractiongroup.com\/wp-content\/uploads\/2016\/11\/ntg_grey-1280x859.jpg 1280w, https:\/\/www.nordictractiongroup.com\/wp-content\/uploads\/2016\/11\/ntg_grey-414x278.jpg 414w\" sizes=\"auto, (max-width: 1920px) 100vw, 1920px\" \/><div class=\"wp-block-cover__inner-container is-layout-constrained wp-block-cover-is-layout-constrained\">\n<p class=\"has-text-align-center pages-img-titles has-large-font-size\">Mission Vision<\/p>\n\n\n\n<i class=\"fa fa-angle-double-down\"><\/i>\n<\/div><\/div>\n\n\n\n<div class=\"wp-block-columns container is-layout-flex wp-container-core-columns-is-layout-9d6595d7 wp-block-columns-is-layout-flex\">\n<div class=\"wp-block-column is-layout-flow wp-block-column-is-layout-flow\">\n<h2 class=\"wp-block-heading has-text-align-center mission-vision-title\">Mission<\/h2>\n\n\n\n<div class=\"mission-v-hr\"><\/div>\n\n\n\n<p class=\"mission-v-txt\">Nordic Traction Group \u00e4r en premiumm\u00e4rkesleverant\u00f6r som tillhandah\u00e5ller slirskyddsprodukter av h\u00f6g kvalitet till v\u00e5ra proffesionella kunder.<\/p>\n<\/div>\n\n\n\n<div class=\"wp-block-column is-layout-flow wp-block-column-is-layout-flow\">\n<h2 class=\"wp-block-heading has-text-align-center mission-vision-title\">Vision<\/h2>\n\n\n\n<div class=\"mission-v-hr\"><\/div>\n\n\n\n<p class=\"mission-v-txt\">Nordic Traction Group ska bli kundernas mest eftertraktade val av slirskyddsprodukter, specielt inom skogssektorn.<\/p>\n<\/div>\n<\/div>\n\n\n\n<div style=\"height:75px\" aria-hidden=\"true\" class=\"wp-block-spacer\"><\/div>\n","protected":false},"excerpt":{"rendered":"<p>Mission Nordic Traction Group \u00e4r en premiumm\u00e4rkesleverant\u00f6r som tillhandah\u00e5ller slirskyddsprodukter av h\u00f6g kvalitet till v\u00e5ra proffesionella kunder. Vision Nordic Traction Group ska bli kundernas mest eftertraktade val av slirskyddsprodukter, specielt inom skogssektorn.<\/p>\n","protected":false},"author":23,"featured_media":0,"parent":546,"menu_order":0,"comment_status":"closed","ping_status":"closed","template":"","meta":{"footnotes":""},"tags":[],"class_list":["post-548","page","type-page","status-publish","hentry"],"yoast_head":"<!-- This site is optimized with the Yoast SEO plugin v27.3 - https:\/\/yoast.com\/product\/yoast-seo-wordpress\/ -->\n<title>Mission\/Vision | Nordic Traction Group<\/title>\n<meta name=\"robots\" content=\"index, follow, max-snippet:-1, max-image-preview:large, max-video-preview:-1\" \/>\n<link rel=\"canonical\" href=\"https:\/\/www.nordictractiongroup.com\/sv\/om-oss\/missionvision\/\" \/>\n<meta property=\"og:locale\" content=\"sv_SE\" \/>\n<meta property=\"og:type\" content=\"article\" \/>\n<meta property=\"og:title\" content=\"Mission\/Vision | Nordic Traction Group\" \/>\n<meta property=\"og:description\" content=\"Mission Nordic Traction Group \u00e4r en premiumm\u00e4rkesleverant\u00f6r som tillhandah\u00e5ller slirskyddsprodukter av h\u00f6g kvalitet till v\u00e5ra proffesionella kunder. Vision Nordic Traction Group ska bli kundernas mest eftertraktade val av slirskyddsprodukter, specielt inom skogssektorn.\" \/>\n<meta property=\"og:url\" content=\"https:\/\/www.nordictractiongroup.com\/sv\/om-oss\/missionvision\/\" \/>\n<meta property=\"og:site_name\" content=\"Nordic Traction Group\" \/>\n<meta property=\"article:publisher\" content=\"https:\/\/facebook.com\/nordictraction\" \/>\n<meta property=\"article:modified_time\" content=\"2024-10-31T07:52:17+00:00\" \/>\n<meta property=\"og:image\" content=\"https:\/\/www.nordictractiongroup.com\/wp-content\/uploads\/2016\/11\/ntg_grey.jpg\" \/>\n\t<meta property=\"og:image:width\" content=\"1920\" \/>\n\t<meta property=\"og:image:height\" content=\"1288\" \/>\n\t<meta property=\"og:image:type\" content=\"image\/jpeg\" \/>\n<meta name=\"twitter:card\" content=\"summary_large_image\" \/>\n<meta name=\"twitter:site\" content=\"@nordictraction\" \/>\n<script type=\"application\/ld+json\" class=\"yoast-schema-graph\">{\"@context\":\"https:\\\/\\\/schema.org\",\"@graph\":[{\"@type\":\"WebPage\",\"@id\":\"https:\\\/\\\/www.nordictractiongroup.com\\\/sv\\\/om-oss\\\/missionvision\\\/\",\"url\":\"https:\\\/\\\/www.nordictractiongroup.com\\\/sv\\\/om-oss\\\/missionvision\\\/\",\"name\":\"Mission\\\/Vision | Nordic Traction Group\",\"isPartOf\":{\"@id\":\"https:\\\/\\\/dev.nordictractiongroup.com\\\/#website\"},\"primaryImageOfPage\":{\"@id\":\"https:\\\/\\\/www.nordictractiongroup.com\\\/sv\\\/om-oss\\\/missionvision\\\/#primaryimage\"},\"image\":{\"@id\":\"https:\\\/\\\/www.nordictractiongroup.com\\\/sv\\\/om-oss\\\/missionvision\\\/#primaryimage\"},\"thumbnailUrl\":\"https:\\\/\\\/www.nordictractiongroup.com\\\/wp-content\\\/uploads\\\/2016\\\/11\\\/ntg_grey.jpg\",\"datePublished\":\"2017-01-23T14:30:16+00:00\",\"dateModified\":\"2024-10-31T07:52:17+00:00\",\"breadcrumb\":{\"@id\":\"https:\\\/\\\/www.nordictractiongroup.com\\\/sv\\\/om-oss\\\/missionvision\\\/#breadcrumb\"},\"inLanguage\":\"sv-SE\",\"potentialAction\":[{\"@type\":\"ReadAction\",\"target\":[\"https:\\\/\\\/www.nordictractiongroup.com\\\/sv\\\/om-oss\\\/missionvision\\\/\"]}]},{\"@type\":\"ImageObject\",\"inLanguage\":\"sv-SE\",\"@id\":\"https:\\\/\\\/www.nordictractiongroup.com\\\/sv\\\/om-oss\\\/missionvision\\\/#primaryimage\",\"url\":\"https:\\\/\\\/www.nordictractiongroup.com\\\/wp-content\\\/uploads\\\/2016\\\/11\\\/ntg_grey.jpg\",\"contentUrl\":\"https:\\\/\\\/www.nordictractiongroup.com\\\/wp-content\\\/uploads\\\/2016\\\/11\\\/ntg_grey.jpg\"},{\"@type\":\"BreadcrumbList\",\"@id\":\"https:\\\/\\\/www.nordictractiongroup.com\\\/sv\\\/om-oss\\\/missionvision\\\/#breadcrumb\",\"itemListElement\":[{\"@type\":\"ListItem\",\"position\":1,\"name\":\"Home\",\"item\":\"https:\\\/\\\/dev.nordictractiongroup.com\\\/sv\\\/hem\\\/\"},{\"@type\":\"ListItem\",\"position\":2,\"name\":\"Om oss\",\"item\":\"https:\\\/\\\/dev.nordictractiongroup.com\\\/sv\\\/om-oss\\\/\"},{\"@type\":\"ListItem\",\"position\":3,\"name\":\"Mission\\\/Vision\"}]},{\"@type\":\"WebSite\",\"@id\":\"https:\\\/\\\/dev.nordictractiongroup.com\\\/#website\",\"url\":\"https:\\\/\\\/dev.nordictractiongroup.com\\\/\",\"name\":\"Nordic Traction Group\",\"description\":\"\",\"publisher\":{\"@id\":\"https:\\\/\\\/dev.nordictractiongroup.com\\\/#organization\"},\"alternateName\":\"Nordictraction\",\"potentialAction\":[{\"@type\":\"SearchAction\",\"target\":{\"@type\":\"EntryPoint\",\"urlTemplate\":\"https:\\\/\\\/dev.nordictractiongroup.com\\\/?s={search_term_string}\"},\"query-input\":{\"@type\":\"PropertyValueSpecification\",\"valueRequired\":true,\"valueName\":\"search_term_string\"}}],\"inLanguage\":\"sv-SE\"},{\"@type\":\"Organization\",\"@id\":\"https:\\\/\\\/dev.nordictractiongroup.com\\\/#organization\",\"name\":\"Nordic Traction Group\",\"url\":\"https:\\\/\\\/dev.nordictractiongroup.com\\\/\",\"logo\":{\"@type\":\"ImageObject\",\"inLanguage\":\"sv-SE\",\"@id\":\"https:\\\/\\\/dev.nordictractiongroup.com\\\/#\\\/schema\\\/logo\\\/image\\\/\",\"url\":\"https:\\\/\\\/www.nordictractiongroup.com\\\/wp-content\\\/uploads\\\/2024\\\/10\\\/nordic-traction-group-white-logo-footer.png\",\"contentUrl\":\"https:\\\/\\\/www.nordictractiongroup.com\\\/wp-content\\\/uploads\\\/2024\\\/10\\\/nordic-traction-group-white-logo-footer.png\",\"width\":150,\"height\":33,\"caption\":\"Nordic Traction Group\"},\"image\":{\"@id\":\"https:\\\/\\\/dev.nordictractiongroup.com\\\/#\\\/schema\\\/logo\\\/image\\\/\"},\"sameAs\":[\"https:\\\/\\\/facebook.com\\\/nordictraction\",\"https:\\\/\\\/x.com\\\/nordictraction\",\"https:\\\/\\\/instagram.com\\\/nordictraction\",\"https:\\\/\\\/www.linkedin.com\\\/company\\\/nordic-traction-group\"]}]}<\/script>\n<!-- \/ Yoast SEO plugin. -->","yoast_head_json":{"title":"Mission\/Vision | Nordic Traction Group","robots":{"index":"index","follow":"follow","max-snippet":"max-snippet:-1","max-image-preview":"max-image-preview:large","max-video-preview":"max-video-preview:-1"},"canonical":"https:\/\/www.nordictractiongroup.com\/sv\/om-oss\/missionvision\/","og_locale":"sv_SE","og_type":"article","og_title":"Mission\/Vision | Nordic Traction Group","og_description":"Mission Nordic Traction Group \u00e4r en premiumm\u00e4rkesleverant\u00f6r som tillhandah\u00e5ller slirskyddsprodukter av h\u00f6g kvalitet till v\u00e5ra proffesionella kunder. Vision Nordic Traction Group ska bli kundernas mest eftertraktade val av slirskyddsprodukter, specielt inom skogssektorn.","og_url":"https:\/\/www.nordictractiongroup.com\/sv\/om-oss\/missionvision\/","og_site_name":"Nordic Traction Group","article_publisher":"https:\/\/facebook.com\/nordictraction","article_modified_time":"2024-10-31T07:52:17+00:00","og_image":[{"width":1920,"height":1288,"url":"https:\/\/www.nordictractiongroup.com\/wp-content\/uploads\/2016\/11\/ntg_grey.jpg","type":"image\/jpeg"}],"twitter_card":"summary_large_image","twitter_site":"@nordictraction","schema":{"@context":"https:\/\/schema.org","@graph":[{"@type":"WebPage","@id":"https:\/\/www.nordictractiongroup.com\/sv\/om-oss\/missionvision\/","url":"https:\/\/www.nordictractiongroup.com\/sv\/om-oss\/missionvision\/","name":"Mission\/Vision | Nordic Traction Group","isPartOf":{"@id":"https:\/\/dev.nordictractiongroup.com\/#website"},"primaryImageOfPage":{"@id":"https:\/\/www.nordictractiongroup.com\/sv\/om-oss\/missionvision\/#primaryimage"},"image":{"@id":"https:\/\/www.nordictractiongroup.com\/sv\/om-oss\/missionvision\/#primaryimage"},"thumbnailUrl":"https:\/\/www.nordictractiongroup.com\/wp-content\/uploads\/2016\/11\/ntg_grey.jpg","datePublished":"2017-01-23T14:30:16+00:00","dateModified":"2024-10-31T07:52:17+00:00","breadcrumb":{"@id":"https:\/\/www.nordictractiongroup.com\/sv\/om-oss\/missionvision\/#breadcrumb"},"inLanguage":"sv-SE","potentialAction":[{"@type":"ReadAction","target":["https:\/\/www.nordictractiongroup.com\/sv\/om-oss\/missionvision\/"]}]},{"@type":"ImageObject","inLanguage":"sv-SE","@id":"https:\/\/www.nordictractiongroup.com\/sv\/om-oss\/missionvision\/#primaryimage","url":"https:\/\/www.nordictractiongroup.com\/wp-content\/uploads\/2016\/11\/ntg_grey.jpg","contentUrl":"https:\/\/www.nordictractiongroup.com\/wp-content\/uploads\/2016\/11\/ntg_grey.jpg"},{"@type":"BreadcrumbList","@id":"https:\/\/www.nordictractiongroup.com\/sv\/om-oss\/missionvision\/#breadcrumb","itemListElement":[{"@type":"ListItem","position":1,"name":"Home","item":"https:\/\/dev.nordictractiongroup.com\/sv\/hem\/"},{"@type":"ListItem","position":2,"name":"Om oss","item":"https:\/\/dev.nordictractiongroup.com\/sv\/om-oss\/"},{"@type":"ListItem","position":3,"name":"Mission\/Vision"}]},{"@type":"WebSite","@id":"https:\/\/dev.nordictractiongroup.com\/#website","url":"https:\/\/dev.nordictractiongroup.com\/","name":"Nordic Traction Group","description":"","publisher":{"@id":"https:\/\/dev.nordictractiongroup.com\/#organization"},"alternateName":"Nordictraction","potentialAction":[{"@type":"SearchAction","target":{"@type":"EntryPoint","urlTemplate":"https:\/\/dev.nordictractiongroup.com\/?s={search_term_string}"},"query-input":{"@type":"PropertyValueSpecification","valueRequired":true,"valueName":"search_term_string"}}],"inLanguage":"sv-SE"},{"@type":"Organization","@id":"https:\/\/dev.nordictractiongroup.com\/#organization","name":"Nordic Traction Group","url":"https:\/\/dev.nordictractiongroup.com\/","logo":{"@type":"ImageObject","inLanguage":"sv-SE","@id":"https:\/\/dev.nordictractiongroup.com\/#\/schema\/logo\/image\/","url":"https:\/\/www.nordictractiongroup.com\/wp-content\/uploads\/2024\/10\/nordic-traction-group-white-logo-footer.png","contentUrl":"https:\/\/www.nordictractiongroup.com\/wp-content\/uploads\/2024\/10\/nordic-traction-group-white-logo-footer.png","width":150,"height":33,"caption":"Nordic Traction Group"},"image":{"@id":"https:\/\/dev.nordictractiongroup.com\/#\/schema\/logo\/image\/"},"sameAs":["https:\/\/facebook.com\/nordictraction","https:\/\/x.com\/nordictraction","https:\/\/instagram.com\/nordictraction","https:\/\/www.linkedin.com\/company\/nordic-traction-group"]}]}},"_links":{"self":[{"href":"https:\/\/www.nordictractiongroup.com\/sv\/wp-json\/wp\/v2\/pages\/548","targetHints":{"allow":["GET"]}}],"collection":[{"href":"https:\/\/www.nordictractiongroup.com\/sv\/wp-json\/wp\/v2\/pages"}],"about":[{"href":"https:\/\/www.nordictractiongroup.com\/sv\/wp-json\/wp\/v2\/types\/page"}],"author":[{"embeddable":true,"href":"https:\/\/www.nordictractiongroup.com\/sv\/wp-json\/wp\/v2\/users\/23"}],"replies":[{"embeddable":true,"href":"https:\/\/www.nordictractiongroup.com\/sv\/wp-json\/wp\/v2\/comments?post=548"}],"version-history":[{"count":4,"href":"https:\/\/www.nordictractiongroup.com\/sv\/wp-json\/wp\/v2\/pages\/548\/revisions"}],"predecessor-version":[{"id":1751,"href":"https:\/\/www.nordictractiongroup.com\/sv\/wp-json\/wp\/v2\/pages\/548\/revisions\/1751"}],"up":[{"embeddable":true,"href":"https:\/\/www.nordictractiongroup.com\/sv\/wp-json\/wp\/v2\/pages\/546"}],"wp:attachment":[{"href":"https:\/\/www.nordictractiongroup.com\/sv\/wp-json\/wp\/v2\/media?parent=548"}],"wp:term":[{"taxonomy":"post_tag","embeddable":true,"href":"https:\/\/www.nordictractiongroup.com\/sv\/wp-json\/wp\/v2\/tags?post=548"}],"curies":[{"name":"wp","href":"https:\/\/api.w.org\/{rel}","templated":true}]}}