{"id":551,"date":"2017-01-23T15:32:22","date_gmt":"2017-01-23T14:32:22","guid":{"rendered":"http:\/\/www.nordictractiongroup.com\/kontakt\/"},"modified":"2025-06-06T09:32:02","modified_gmt":"2025-06-06T06:32:02","slug":"kontakt","status":"publish","type":"page","link":"https:\/\/www.nordictractiongroup.com\/sv\/kontakt\/","title":{"rendered":"Kontakt"},"content":{"rendered":"\n<div class=\"wp-block-cover alignfull page-top-img\" style=\"min-height:320px;aspect-ratio:unset;\"><img loading=\"lazy\" decoding=\"async\" width=\"1920\" height=\"1288\" class=\"wp-block-cover__image-background wp-image-248\" alt=\"\" src=\"https:\/\/www.nordictractiongroup.com\/wp-content\/uploads\/2016\/11\/ntg_grey.jpg\" data-object-fit=\"cover\" srcset=\"https:\/\/www.nordictractiongroup.com\/wp-content\/uploads\/2016\/11\/ntg_grey.jpg 1920w, https:\/\/www.nordictractiongroup.com\/wp-content\/uploads\/2016\/11\/ntg_grey-300x201.jpg 300w, https:\/\/www.nordictractiongroup.com\/wp-content\/uploads\/2016\/11\/ntg_grey-768x515.jpg 768w, https:\/\/www.nordictractiongroup.com\/wp-content\/uploads\/2016\/11\/ntg_grey-1024x687.jpg 1024w, https:\/\/www.nordictractiongroup.com\/wp-content\/uploads\/2016\/11\/ntg_grey-150x100.jpg 150w, https:\/\/www.nordictractiongroup.com\/wp-content\/uploads\/2016\/11\/ntg_grey-330x221.jpg 330w, https:\/\/www.nordictractiongroup.com\/wp-content\/uploads\/2016\/11\/ntg_grey-1908x1280.jpg 1908w, https:\/\/www.nordictractiongroup.com\/wp-content\/uploads\/2016\/11\/ntg_grey-1280x859.jpg 1280w, https:\/\/www.nordictractiongroup.com\/wp-content\/uploads\/2016\/11\/ntg_grey-414x278.jpg 414w\" sizes=\"auto, (max-width: 1920px) 100vw, 1920px\" \/><span aria-hidden=\"true\" class=\"wp-block-cover__background has-black-background-color has-background-dim-100 has-background-dim\"><\/span><div class=\"wp-block-cover__inner-container is-layout-constrained wp-block-cover-is-layout-constrained\">\n<p class=\"has-text-align-center pages-img-titles has-large-font-size\">KONTAKT<\/p>\n\n\n\n<i class=\"fa fa-angle-double-down\"><\/i>\n<\/div><\/div>\n\n\n\n<h2 class=\"wp-block-heading container page-contact-title\">Nordic Traction Group<\/h2>\n\n\n\n<div style=\"height:15px\" aria-hidden=\"true\" class=\"wp-block-spacer\"><\/div>\n\n\n\n<div class=\"wp-block-columns container is-layout-flex wp-container-core-columns-is-layout-9d6595d7 wp-block-columns-is-layout-flex\">\n<div class=\"wp-block-column is-layout-flow wp-block-column-is-layout-flow\">\n<p>Hirvikoskentie 128<br>FI-32200 Loimaa<br>Finland<br>+358 207 927 500<br>info (at) nordictraction.fi<\/p>\n<\/div>\n\n\n\n<div class=\"wp-block-column is-layout-flow wp-block-column-is-layout-flow\">\n<p><strong>Tero J\u00e4rvinen<\/strong><br>VD<br>tero.jarvinen (at) nordictraction.fi<br>+358 207 927 505<\/p>\n\n\n\n<p><strong>Perttu M\u00e4kinen<\/strong><br>S\u00e4ljchef<br>perttu.makinen (at) nordictraction.fi<br>+358 50 911 0586<\/p>\n<\/div>\n\n\n\n<div class=\"wp-block-column is-layout-flow wp-block-column-is-layout-flow\">\n<p><strong>Jaakko Valanne<\/strong><br>CFO<br>jaakko.valanne (at) nordictraction.fi<br>+358 50 516 7977<\/p>\n\n\n\n<p><strong>Timo Oksanen<\/strong><br>Marknadschef <br>timo.oksanen (at) nordictraction.fi<br>+358 207 927 510<\/p>\n<\/div>\n\n\n\n<div class=\"wp-block-column is-layout-flow wp-block-column-is-layout-flow\"><\/div>\n<\/div>\n\n\n\n<div class=\"contact-space-hr container\"><\/div>\n\n\n\n<h2 class=\"wp-block-heading container page-contact-title\">V\u00e5rt s\u00e4ljteam f\u00f6r kedje- och r\u00e4lsprodukter<\/h2>\n\n\n\n<div style=\"height:15px\" aria-hidden=\"true\" class=\"wp-block-spacer\"><\/div>\n\n\n\n<div class=\"wp-block-columns container is-layout-flex wp-container-core-columns-is-layout-9d6595d7 wp-block-columns-is-layout-flex\">\n<div class=\"wp-block-column is-layout-flow wp-block-column-is-layout-flow\">\n<h4 class=\"wp-block-heading\">Finland<\/h4>\n\n\n\n<p><strong>Jarmo M\u00e4kel\u00e4 <\/strong>(Skogsbruk)<br>jarmo.makela (at) nordictraction.fi<br>+358 207 927 511<\/p>\n\n\n\n<p><strong>Tuomas Ketonen<\/strong><br>tuomas.ketonen (at) nordictraction.fi<br>+358 400 996 669<\/p>\n\n\n\n<p><strong>Antero Nurro <\/strong>(Sn\u00f6kedjor)<br>antero.nurro (at) nordictraction.fi<br>+358 207 927 508<\/p>\n<\/div>\n\n\n\n<div class=\"wp-block-column is-layout-flow wp-block-column-is-layout-flow\">\n<h4 class=\"wp-block-heading\">Sverige &amp; Norge<\/h4>\n\n\n\n<p><strong>Stefan Nilsson<\/strong><br>stefan.nilsson (at) nordictraction.se<br>+46 730 55 84 87<\/p>\n\n\n\n<p><strong>Magnus Grihp<\/strong><br>magnus (at) nordictraction.se<br>+46 706 66 50 61<\/p>\n\n\n\n<p><strong>Nina Reinikainen<\/strong><br>nina (at) nordictraction.se<br>+46 490 28 592<\/p>\n<\/div>\n\n\n\n<div class=\"wp-block-column is-layout-flow wp-block-column-is-layout-flow\">\n<h4 class=\"wp-block-heading\">Europa<\/h4>\n\n\n\n<p><strong>Daniel Koppenh\u00f6fer<\/strong><br>daniel (at) nordictraction.de<br>+49 1575 2412588<\/p>\n\n\n\n<p><strong>Rebacca Kerr<\/strong><br>rebecca (at) clarktracks.com<br><\/p>\n<\/div>\n\n\n\n<div class=\"wp-block-column is-layout-flow wp-block-column-is-layout-flow\"><\/div>\n<\/div>\n\n\n\n<div class=\"wp-block-columns container is-layout-flex wp-container-core-columns-is-layout-9d6595d7 wp-block-columns-is-layout-flex\">\n<div class=\"wp-block-column is-layout-flow wp-block-column-is-layout-flow\">\n<h4 class=\"wp-block-heading\">Sydamerika, Nya Zeeland, Australien<\/h4>\n\n\n\n<p><strong>Mikko Heikkil\u00e4<\/strong><br>mikko.heikkila (at) nordictraction.fi<br>+358 40 642 7733<\/p>\n<\/div>\n\n\n\n<div class=\"wp-block-column is-layout-flow wp-block-column-is-layout-flow\">\n<h4 class=\"wp-block-heading\">Nordamerika<\/h4>\n\n\n\n<p><strong>Dan Kissinger<\/strong><br>dan (at) nordictraction.us<br>(+1) 207-855-3973<\/p>\n\n\n\n<p><strong>Urban Fredriksson<\/strong><br>urban (at) nordictraction.ca<br>(+1) 844-909-6164 (toll-free)<\/p>\n<\/div>\n\n\n\n<div class=\"wp-block-column is-layout-flow wp-block-column-is-layout-flow\"><\/div>\n\n\n\n<div class=\"wp-block-column is-layout-flow wp-block-column-is-layout-flow\"><\/div>\n<\/div>\n\n\n\n<div class=\"contact-space-hr container\"><\/div>\n\n\n\n<h2 class=\"wp-block-heading container page-contact-title\">Produktionsverksamhet<\/h2>\n\n\n\n<div style=\"height:15px\" aria-hidden=\"true\" class=\"wp-block-spacer\"><\/div>\n\n\n\n<div class=\"wp-block-columns container is-layout-flex wp-container-core-columns-is-layout-9d6595d7 wp-block-columns-is-layout-flex\">\n<div class=\"wp-block-column is-layout-flow wp-block-column-is-layout-flow\">\n<h4 class=\"wp-block-heading\">Verksamhet<\/h4>\n\n\n\n<p><strong>Sami Gr\u00f6nholm<\/strong><br>sami.gronholm (at) nordictraction.fi<br>+358 40 670 6887<\/p>\n\n\n\n<p><strong>Bes\u00f6ksadress<\/strong><br>Nordic Traction Oy<br>Hirvikoskentie 128<br>FI-32200 Loimaa<br>Finland<\/p>\n<\/div>\n\n\n\n<div class=\"wp-block-column is-layout-flow wp-block-column-is-layout-flow\">\n<h4 class=\"wp-block-heading\">Produkthantering<\/h4>\n\n\n\n<p><strong>Garry Henderson<\/strong><br>garry (at) clarktracks.com<br>+44 1387 7223<\/p>\n\n\n\n<p><\/p>\n<\/div>\n\n\n\n<div class=\"wp-block-column is-layout-flow wp-block-column-is-layout-flow\"><\/div>\n\n\n\n<div class=\"wp-block-column is-layout-flow wp-block-column-is-layout-flow\"><\/div>\n<\/div>\n\n\n\n<div style=\"height:75px\" aria-hidden=\"true\" class=\"wp-block-spacer\"><\/div>\n","protected":false},"excerpt":{"rendered":"<p>Nordic Traction Group Hirvikoskentie 128FI-32200 LoimaaFinland+358 207 927 500info (at) nordictraction.fi Tero J\u00e4rvinenVDtero.jarvinen (at) nordictraction.fi+358 207 927 505 Perttu M\u00e4kinenS\u00e4ljchefperttu.makinen (at) nordictraction.fi+358 50 911 0586 Jaakko ValanneCFOjaakko.valanne (at) nordictraction.fi+358 50 516 7977 Timo OksanenMarknadschef timo.oksanen (at) nordictraction.fi+358 207 927 510 V\u00e5rt s\u00e4ljteam f\u00f6r kedje- och r\u00e4lsprodukter Finland Jarmo M\u00e4kel\u00e4 (Skogsbruk)jarmo.makela (at) nordictraction.fi+358 207 927 511 [&hellip;]<\/p>\n","protected":false},"author":23,"featured_media":0,"parent":0,"menu_order":0,"comment_status":"closed","ping_status":"closed","template":"","meta":{"footnotes":""},"tags":[],"class_list":["post-551","page","type-page","status-publish","hentry"],"yoast_head":"<!-- This site is optimized with the Yoast SEO plugin v27.4 - https:\/\/yoast.com\/product\/yoast-seo-wordpress\/ -->\n<title>Kontakt | Nordic Traction Group<\/title>\n<meta name=\"robots\" content=\"index, follow, max-snippet:-1, max-image-preview:large, max-video-preview:-1\" \/>\n<link rel=\"canonical\" href=\"https:\/\/www.nordictractiongroup.com\/sv\/kontakt\/\" \/>\n<meta property=\"og:locale\" content=\"sv_SE\" \/>\n<meta property=\"og:type\" content=\"article\" \/>\n<meta property=\"og:title\" content=\"Kontakt | Nordic Traction Group\" \/>\n<meta property=\"og:description\" content=\"Nordic Traction Group Hirvikoskentie 128FI-32200 LoimaaFinland+358 207 927 500info (at) nordictraction.fi Tero J\u00e4rvinenVDtero.jarvinen (at) nordictraction.fi+358 207 927 505 Perttu M\u00e4kinenS\u00e4ljchefperttu.makinen (at) nordictraction.fi+358 50 911 0586 Jaakko ValanneCFOjaakko.valanne (at) nordictraction.fi+358 50 516 7977 Timo OksanenMarknadschef timo.oksanen (at) nordictraction.fi+358 207 927 510 V\u00e5rt s\u00e4ljteam f\u00f6r kedje- och r\u00e4lsprodukter Finland Jarmo M\u00e4kel\u00e4 (Skogsbruk)jarmo.makela (at) nordictraction.fi+358 207 927 511 [&hellip;]\" \/>\n<meta property=\"og:url\" content=\"https:\/\/www.nordictractiongroup.com\/sv\/kontakt\/\" \/>\n<meta property=\"og:site_name\" content=\"Nordic Traction Group\" \/>\n<meta property=\"article:publisher\" content=\"https:\/\/facebook.com\/nordictraction\" \/>\n<meta property=\"article:modified_time\" content=\"2025-06-06T06:32:02+00:00\" \/>\n<meta property=\"og:image\" content=\"https:\/\/www.nordictractiongroup.com\/wp-content\/uploads\/2016\/11\/ntg_grey.jpg\" \/>\n\t<meta property=\"og:image:width\" content=\"1920\" \/>\n\t<meta property=\"og:image:height\" content=\"1288\" \/>\n\t<meta property=\"og:image:type\" content=\"image\/jpeg\" \/>\n<meta name=\"twitter:card\" content=\"summary_large_image\" \/>\n<meta name=\"twitter:site\" content=\"@nordictraction\" \/>\n<meta name=\"twitter:label1\" content=\"Ber\u00e4knad l\u00e4stid\" \/>\n\t<meta name=\"twitter:data1\" content=\"2 minuter\" \/>\n<script type=\"application\/ld+json\" class=\"yoast-schema-graph\">{\"@context\":\"https:\\\/\\\/schema.org\",\"@graph\":[{\"@type\":\"WebPage\",\"@id\":\"https:\\\/\\\/www.nordictractiongroup.com\\\/sv\\\/kontakt\\\/\",\"url\":\"https:\\\/\\\/www.nordictractiongroup.com\\\/sv\\\/kontakt\\\/\",\"name\":\"Kontakt | Nordic Traction Group\",\"isPartOf\":{\"@id\":\"https:\\\/\\\/dev.nordictractiongroup.com\\\/#website\"},\"primaryImageOfPage\":{\"@id\":\"https:\\\/\\\/www.nordictractiongroup.com\\\/sv\\\/kontakt\\\/#primaryimage\"},\"image\":{\"@id\":\"https:\\\/\\\/www.nordictractiongroup.com\\\/sv\\\/kontakt\\\/#primaryimage\"},\"thumbnailUrl\":\"https:\\\/\\\/www.nordictractiongroup.com\\\/wp-content\\\/uploads\\\/2016\\\/11\\\/ntg_grey.jpg\",\"datePublished\":\"2017-01-23T14:32:22+00:00\",\"dateModified\":\"2025-06-06T06:32:02+00:00\",\"breadcrumb\":{\"@id\":\"https:\\\/\\\/www.nordictractiongroup.com\\\/sv\\\/kontakt\\\/#breadcrumb\"},\"inLanguage\":\"sv-SE\",\"potentialAction\":[{\"@type\":\"ReadAction\",\"target\":[\"https:\\\/\\\/www.nordictractiongroup.com\\\/sv\\\/kontakt\\\/\"]}]},{\"@type\":\"ImageObject\",\"inLanguage\":\"sv-SE\",\"@id\":\"https:\\\/\\\/www.nordictractiongroup.com\\\/sv\\\/kontakt\\\/#primaryimage\",\"url\":\"https:\\\/\\\/www.nordictractiongroup.com\\\/wp-content\\\/uploads\\\/2016\\\/11\\\/ntg_grey.jpg\",\"contentUrl\":\"https:\\\/\\\/www.nordictractiongroup.com\\\/wp-content\\\/uploads\\\/2016\\\/11\\\/ntg_grey.jpg\"},{\"@type\":\"BreadcrumbList\",\"@id\":\"https:\\\/\\\/www.nordictractiongroup.com\\\/sv\\\/kontakt\\\/#breadcrumb\",\"itemListElement\":[{\"@type\":\"ListItem\",\"position\":1,\"name\":\"Home\",\"item\":\"https:\\\/\\\/dev.nordictractiongroup.com\\\/sv\\\/hem\\\/\"},{\"@type\":\"ListItem\",\"position\":2,\"name\":\"Kontakt\"}]},{\"@type\":\"WebSite\",\"@id\":\"https:\\\/\\\/dev.nordictractiongroup.com\\\/#website\",\"url\":\"https:\\\/\\\/dev.nordictractiongroup.com\\\/\",\"name\":\"Nordic Traction Group\",\"description\":\"\",\"publisher\":{\"@id\":\"https:\\\/\\\/dev.nordictractiongroup.com\\\/#organization\"},\"alternateName\":\"Nordictraction\",\"potentialAction\":[{\"@type\":\"SearchAction\",\"target\":{\"@type\":\"EntryPoint\",\"urlTemplate\":\"https:\\\/\\\/dev.nordictractiongroup.com\\\/?s={search_term_string}\"},\"query-input\":{\"@type\":\"PropertyValueSpecification\",\"valueRequired\":true,\"valueName\":\"search_term_string\"}}],\"inLanguage\":\"sv-SE\"},{\"@type\":\"Organization\",\"@id\":\"https:\\\/\\\/dev.nordictractiongroup.com\\\/#organization\",\"name\":\"Nordic Traction Group\",\"url\":\"https:\\\/\\\/dev.nordictractiongroup.com\\\/\",\"logo\":{\"@type\":\"ImageObject\",\"inLanguage\":\"sv-SE\",\"@id\":\"https:\\\/\\\/dev.nordictractiongroup.com\\\/#\\\/schema\\\/logo\\\/image\\\/\",\"url\":\"https:\\\/\\\/www.nordictractiongroup.com\\\/wp-content\\\/uploads\\\/2024\\\/10\\\/nordic-traction-group-white-logo-footer.png\",\"contentUrl\":\"https:\\\/\\\/www.nordictractiongroup.com\\\/wp-content\\\/uploads\\\/2024\\\/10\\\/nordic-traction-group-white-logo-footer.png\",\"width\":150,\"height\":33,\"caption\":\"Nordic Traction Group\"},\"image\":{\"@id\":\"https:\\\/\\\/dev.nordictractiongroup.com\\\/#\\\/schema\\\/logo\\\/image\\\/\"},\"sameAs\":[\"https:\\\/\\\/facebook.com\\\/nordictraction\",\"https:\\\/\\\/x.com\\\/nordictraction\",\"https:\\\/\\\/instagram.com\\\/nordictraction\",\"https:\\\/\\\/www.linkedin.com\\\/company\\\/nordic-traction-group\"]}]}<\/script>\n<!-- \/ Yoast SEO plugin. -->","yoast_head_json":{"title":"Kontakt | Nordic Traction Group","robots":{"index":"index","follow":"follow","max-snippet":"max-snippet:-1","max-image-preview":"max-image-preview:large","max-video-preview":"max-video-preview:-1"},"canonical":"https:\/\/www.nordictractiongroup.com\/sv\/kontakt\/","og_locale":"sv_SE","og_type":"article","og_title":"Kontakt | Nordic Traction Group","og_description":"Nordic Traction Group Hirvikoskentie 128FI-32200 LoimaaFinland+358 207 927 500info (at) nordictraction.fi Tero J\u00e4rvinenVDtero.jarvinen (at) nordictraction.fi+358 207 927 505 Perttu M\u00e4kinenS\u00e4ljchefperttu.makinen (at) nordictraction.fi+358 50 911 0586 Jaakko ValanneCFOjaakko.valanne (at) nordictraction.fi+358 50 516 7977 Timo OksanenMarknadschef timo.oksanen (at) nordictraction.fi+358 207 927 510 V\u00e5rt s\u00e4ljteam f\u00f6r kedje- och r\u00e4lsprodukter Finland Jarmo M\u00e4kel\u00e4 (Skogsbruk)jarmo.makela (at) nordictraction.fi+358 207 927 511 [&hellip;]","og_url":"https:\/\/www.nordictractiongroup.com\/sv\/kontakt\/","og_site_name":"Nordic Traction Group","article_publisher":"https:\/\/facebook.com\/nordictraction","article_modified_time":"2025-06-06T06:32:02+00:00","og_image":[{"width":1920,"height":1288,"url":"https:\/\/www.nordictractiongroup.com\/wp-content\/uploads\/2016\/11\/ntg_grey.jpg","type":"image\/jpeg"}],"twitter_card":"summary_large_image","twitter_site":"@nordictraction","twitter_misc":{"Ber\u00e4knad l\u00e4stid":"2 minuter"},"schema":{"@context":"https:\/\/schema.org","@graph":[{"@type":"WebPage","@id":"https:\/\/www.nordictractiongroup.com\/sv\/kontakt\/","url":"https:\/\/www.nordictractiongroup.com\/sv\/kontakt\/","name":"Kontakt | Nordic Traction Group","isPartOf":{"@id":"https:\/\/dev.nordictractiongroup.com\/#website"},"primaryImageOfPage":{"@id":"https:\/\/www.nordictractiongroup.com\/sv\/kontakt\/#primaryimage"},"image":{"@id":"https:\/\/www.nordictractiongroup.com\/sv\/kontakt\/#primaryimage"},"thumbnailUrl":"https:\/\/www.nordictractiongroup.com\/wp-content\/uploads\/2016\/11\/ntg_grey.jpg","datePublished":"2017-01-23T14:32:22+00:00","dateModified":"2025-06-06T06:32:02+00:00","breadcrumb":{"@id":"https:\/\/www.nordictractiongroup.com\/sv\/kontakt\/#breadcrumb"},"inLanguage":"sv-SE","potentialAction":[{"@type":"ReadAction","target":["https:\/\/www.nordictractiongroup.com\/sv\/kontakt\/"]}]},{"@type":"ImageObject","inLanguage":"sv-SE","@id":"https:\/\/www.nordictractiongroup.com\/sv\/kontakt\/#primaryimage","url":"https:\/\/www.nordictractiongroup.com\/wp-content\/uploads\/2016\/11\/ntg_grey.jpg","contentUrl":"https:\/\/www.nordictractiongroup.com\/wp-content\/uploads\/2016\/11\/ntg_grey.jpg"},{"@type":"BreadcrumbList","@id":"https:\/\/www.nordictractiongroup.com\/sv\/kontakt\/#breadcrumb","itemListElement":[{"@type":"ListItem","position":1,"name":"Home","item":"https:\/\/dev.nordictractiongroup.com\/sv\/hem\/"},{"@type":"ListItem","position":2,"name":"Kontakt"}]},{"@type":"WebSite","@id":"https:\/\/dev.nordictractiongroup.com\/#website","url":"https:\/\/dev.nordictractiongroup.com\/","name":"Nordic Traction Group","description":"","publisher":{"@id":"https:\/\/dev.nordictractiongroup.com\/#organization"},"alternateName":"Nordictraction","potentialAction":[{"@type":"SearchAction","target":{"@type":"EntryPoint","urlTemplate":"https:\/\/dev.nordictractiongroup.com\/?s={search_term_string}"},"query-input":{"@type":"PropertyValueSpecification","valueRequired":true,"valueName":"search_term_string"}}],"inLanguage":"sv-SE"},{"@type":"Organization","@id":"https:\/\/dev.nordictractiongroup.com\/#organization","name":"Nordic Traction Group","url":"https:\/\/dev.nordictractiongroup.com\/","logo":{"@type":"ImageObject","inLanguage":"sv-SE","@id":"https:\/\/dev.nordictractiongroup.com\/#\/schema\/logo\/image\/","url":"https:\/\/www.nordictractiongroup.com\/wp-content\/uploads\/2024\/10\/nordic-traction-group-white-logo-footer.png","contentUrl":"https:\/\/www.nordictractiongroup.com\/wp-content\/uploads\/2024\/10\/nordic-traction-group-white-logo-footer.png","width":150,"height":33,"caption":"Nordic Traction Group"},"image":{"@id":"https:\/\/dev.nordictractiongroup.com\/#\/schema\/logo\/image\/"},"sameAs":["https:\/\/facebook.com\/nordictraction","https:\/\/x.com\/nordictraction","https:\/\/instagram.com\/nordictraction","https:\/\/www.linkedin.com\/company\/nordic-traction-group"]}]}},"_links":{"self":[{"href":"https:\/\/www.nordictractiongroup.com\/sv\/wp-json\/wp\/v2\/pages\/551","targetHints":{"allow":["GET"]}}],"collection":[{"href":"https:\/\/www.nordictractiongroup.com\/sv\/wp-json\/wp\/v2\/pages"}],"about":[{"href":"https:\/\/www.nordictractiongroup.com\/sv\/wp-json\/wp\/v2\/types\/page"}],"author":[{"embeddable":true,"href":"https:\/\/www.nordictractiongroup.com\/sv\/wp-json\/wp\/v2\/users\/23"}],"replies":[{"embeddable":true,"href":"https:\/\/www.nordictractiongroup.com\/sv\/wp-json\/wp\/v2\/comments?post=551"}],"version-history":[{"count":28,"href":"https:\/\/www.nordictractiongroup.com\/sv\/wp-json\/wp\/v2\/pages\/551\/revisions"}],"predecessor-version":[{"id":46524,"href":"https:\/\/www.nordictractiongroup.com\/sv\/wp-json\/wp\/v2\/pages\/551\/revisions\/46524"}],"wp:attachment":[{"href":"https:\/\/www.nordictractiongroup.com\/sv\/wp-json\/wp\/v2\/media?parent=551"}],"wp:term":[{"taxonomy":"post_tag","embeddable":true,"href":"https:\/\/www.nordictractiongroup.com\/sv\/wp-json\/wp\/v2\/tags?post=551"}],"curies":[{"name":"wp","href":"https:\/\/api.w.org\/{rel}","templated":true}]}}